{"id":48,"date":"2020-06-09T14:59:30","date_gmt":"2020-06-09T12:59:30","guid":{"rendered":"http:\/\/cathvieu.com\/chantier\/?page_id=48"},"modified":"2020-06-27T20:23:31","modified_gmt":"2020-06-27T18:23:31","slug":"tranches-de-vie","status":"publish","type":"page","link":"https:\/\/cathvieu.com\/index.php\/tranches-de-vie\/","title":{"rendered":"TRANCHES DE VIE"},"content":{"rendered":"\t\t<div data-elementor-type=\"wp-page\" data-elementor-id=\"48\" class=\"elementor elementor-48\">\n\t\t\t\t\t\t<section class=\"elementor-section elementor-top-section elementor-element elementor-element-836d2ba elementor-section-boxed elementor-section-height-default elementor-section-height-default\" data-id=\"836d2ba\" data-element_type=\"section\">\n\t\t\t\t\t\t<div class=\"elementor-container elementor-column-gap-default\">\n\t\t\t\t\t<div class=\"elementor-column elementor-col-100 elementor-top-column elementor-element elementor-element-aa1687b\" data-id=\"aa1687b\" data-element_type=\"column\">\n\t\t\t<div class=\"elementor-widget-wrap elementor-element-populated\">\n\t\t\t\t\t\t<div class=\"elementor-element elementor-element-d6476b0 elementor-widget elementor-widget-heading\" data-id=\"d6476b0\" data-element_type=\"widget\" data-widget_type=\"heading.default\">\n\t\t\t\t<div class=\"elementor-widget-container\">\n\t\t\t<h2 class=\"elementor-heading-title elementor-size-default\">Peindre les gens, les odeurs, les bruits, surprendre des gestes, des moments\u2026\nReste les th\u00e8mes privil\u00e9gi\u00e9s de mon travail.\nNew York, le Maroc ou ailleurs ne sont que le pr\u00e9texte, le cadre, le support d\u2019un th\u00e9\u00e2tre de tous les jours.\n<\/h2>\t\t<\/div>\n\t\t\t\t<\/div>\n\t\t\t\t\t<\/div>\n\t\t<\/div>\n\t\t\t\t\t<\/div>\n\t\t<\/section>\n\t\t\t\t<section class=\"elementor-section elementor-top-section elementor-element elementor-element-a4ba563 elementor-section-boxed elementor-section-height-default elementor-section-height-default\" data-id=\"a4ba563\" data-element_type=\"section\">\n\t\t\t\t\t\t<div class=\"elementor-container elementor-column-gap-default\">\n\t\t\t\t\t<div class=\"elementor-column elementor-col-33 elementor-top-column elementor-element elementor-element-296efe8\" data-id=\"296efe8\" data-element_type=\"column\">\n\t\t\t<div class=\"elementor-widget-wrap elementor-element-populated\">\n\t\t\t\t\t\t<div class=\"elementor-element elementor-element-3499424 elementor-widget elementor-widget-text-editor\" data-id=\"3499424\" data-element_type=\"widget\" data-widget_type=\"text-editor.default\">\n\t\t\t\t<div class=\"elementor-widget-container\">\n\t\t\t\t\t\t\t<p style=\"padding-left: 40px;\">EXPOSITIONS PERSONNELLES<strong><br \/><\/strong><\/p><ul><li><span style=\"color: #333333;\"><em>2019 <\/em><\/span><br \/>Ibiza \u00ab\u00a0D\u00e9lires Psych\u00e9d\u00e9liques\u00a0\u00bb<br \/><br \/><\/li><li><em>2018 <\/em><br \/>Albi Le Lit Bleu \u00ab\u00a0Confidences de filles\u00a0\u00bb\u00a0<br \/><em><br \/><\/em><\/li><li><em>2017 <\/em><br \/>Sofitel Mogador Essaouira \u00ab\u00a0Interpr\u00e9tation\u00a0\u00bb<br \/>Rallye des Gazelles<br \/><br \/><\/li><li><em>2016 <\/em><br \/>Sofitel Mogador Essaouira<br \/><br \/><\/li><li><em>2015 <\/em><br \/>Riad Al Medina Essouira \u00ab\u00a0Vertiges\u00a0\u00bb<br \/><br \/><\/li><li><em>2014 <\/em><br \/>Femmes aux bains<br \/><br \/><\/li><li><em>2013 <\/em><br \/>Sofitel Mogador Essaouira<br \/>Le Taros, Maroc \u00ab\u00a0Aquarelles d\u2019Essaouira\u00a0\u00bb<br \/><br \/><\/li><li><em>2012 <\/em><br \/>Les Terrasses du 9 &#8211; Albi \u00ab\u00a0Le Paris de Toulouse Lautrec\u00a0\u00bb<br \/><br \/><\/li><li><em>2010 <\/em><br \/>Galerie Mixomedia [Mons, Belgique]<\/li><\/ul>\t\t\t\t\t\t<\/div>\n\t\t\t\t<\/div>\n\t\t\t\t\t<\/div>\n\t\t<\/div>\n\t\t\t\t<div class=\"elementor-column elementor-col-33 elementor-top-column elementor-element elementor-element-f722f39\" data-id=\"f722f39\" data-element_type=\"column\">\n\t\t\t<div class=\"elementor-widget-wrap elementor-element-populated\">\n\t\t\t\t\t\t<div class=\"elementor-element elementor-element-dda50f4 elementor-widget elementor-widget-text-editor\" data-id=\"dda50f4\" data-element_type=\"widget\" data-widget_type=\"text-editor.default\">\n\t\t\t\t<div class=\"elementor-widget-container\">\n\t\t\t\t\t\t\t<ul><li><em>2009<\/em> <br \/>Basilique D\u2019Argenteuil \u00ab\u00a0Le chemin de croix\u00a0\u00bb<br \/>Eglise de Chambors \u00ab\u00a0Les 7 p\u00e9ch\u00e9s Capitaux\u00a0\u00bb<br \/><br \/><\/li><li><em>2008<\/em> <br \/>Expo \u00ab\u00a0Les \u00e9curies\u00a0\u00bb\u00a0 Place St Michel, Paris<br \/>Expo \u00ab\u00a0Th\u00e9atre de l\u2019Homme\u00a0\u00bb, Argenteuil<br \/><br \/><\/li><li><em>2007<\/em> <br \/>A propos d\u2019Art &#8211; Argenteuil<br \/><br \/><\/li><li><em>2006<\/em> <br \/>Vente aux ench\u00e8res, Palais de Tokyo, Paris<br \/>Galerie des Pyramides, Port Marly<br \/><br \/><\/li><li><em>2005<\/em> <br \/>Galerie A propos d\u2019Art, Argenteuil<br \/>Galerie Bleue, Marrakech<br \/><br \/><\/li><li><em>2004<\/em> <br \/>Galerie Beaurepaire, Paris<br \/>Festival d\u2019art contemporain de Marrakech<br \/><br \/><\/li><li><em>2002<\/em> <br \/>Galerie Place de la cath\u00e9drale, Albi<br \/><br \/><\/li><li><em>2001<\/em> <br \/>Agadir Club Med<br \/>Art en direct, Boulogne<br \/><br \/><\/li><li><em>2000<\/em> <br \/>Centre Culturel de Courbevoie<\/li><\/ul>\t\t\t\t\t\t<\/div>\n\t\t\t\t<\/div>\n\t\t\t\t\t<\/div>\n\t\t<\/div>\n\t\t\t\t<div class=\"elementor-column elementor-col-33 elementor-top-column elementor-element elementor-element-e295bc7\" data-id=\"e295bc7\" data-element_type=\"column\">\n\t\t\t<div class=\"elementor-widget-wrap elementor-element-populated\">\n\t\t\t\t\t\t<div class=\"elementor-element elementor-element-b6e253c elementor-widget elementor-widget-image\" data-id=\"b6e253c\" data-element_type=\"widget\" data-widget_type=\"image.default\">\n\t\t\t\t<div class=\"elementor-widget-container\">\n\t\t\t\t\t\t\t\t\t\t\t\t\t<img decoding=\"async\" src=\"https:\/\/cathvieu.com\/wp-content\/uploads\/elementor\/thumbs\/Cath_BIO-oqrk528rq5q50wfg6k9cbgy13unp7sw3j40q4lfr00.jpg\" title=\"Cath_BIO\" alt=\"Cath_BIO\" loading=\"lazy\" \/>\t\t\t\t\t\t\t\t\t\t\t\t\t<\/div>\n\t\t\t\t<\/div>\n\t\t\t\t\t<\/div>\n\t\t<\/div>\n\t\t\t\t\t<\/div>\n\t\t<\/section>\n\t\t\t\t<section class=\"elementor-section elementor-top-section elementor-element elementor-element-507f981 elementor-section-boxed elementor-section-height-default elementor-section-height-default\" data-id=\"507f981\" data-element_type=\"section\">\n\t\t\t\t\t\t<div class=\"elementor-container elementor-column-gap-default\">\n\t\t\t\t\t<div class=\"elementor-column elementor-col-50 elementor-top-column elementor-element elementor-element-9f60fbc\" data-id=\"9f60fbc\" data-element_type=\"column\">\n\t\t\t<div class=\"elementor-widget-wrap elementor-element-populated\">\n\t\t\t\t\t\t<div class=\"elementor-element elementor-element-e744772 elementor-widget elementor-widget-image\" data-id=\"e744772\" data-element_type=\"widget\" data-widget_type=\"image.default\">\n\t\t\t\t<div class=\"elementor-widget-container\">\n\t\t\t\t\t\t\t\t\t\t\t\t\t<img fetchpriority=\"high\" decoding=\"async\" width=\"1024\" height=\"764\" src=\"https:\/\/cathvieu.com\/wp-content\/uploads\/2020\/06\/Atelier-Maroc2-1024x764.jpg\" class=\"attachment-large size-large wp-image-140\" alt=\"\" srcset=\"https:\/\/cathvieu.com\/wp-content\/uploads\/2020\/06\/Atelier-Maroc2-1024x764.jpg 1024w, https:\/\/cathvieu.com\/wp-content\/uploads\/2020\/06\/Atelier-Maroc2-300x224.jpg 300w, https:\/\/cathvieu.com\/wp-content\/uploads\/2020\/06\/Atelier-Maroc2-768x573.jpg 768w, https:\/\/cathvieu.com\/wp-content\/uploads\/2020\/06\/Atelier-Maroc2.jpg 1139w\" sizes=\"(max-width: 1024px) 100vw, 1024px\" \/>\t\t\t\t\t\t\t\t\t\t\t\t\t<\/div>\n\t\t\t\t<\/div>\n\t\t\t\t\t<\/div>\n\t\t<\/div>\n\t\t\t\t<div class=\"elementor-column elementor-col-50 elementor-top-column elementor-element elementor-element-dbfd9fe\" data-id=\"dbfd9fe\" data-element_type=\"column\">\n\t\t\t<div class=\"elementor-widget-wrap elementor-element-populated\">\n\t\t\t\t\t\t<div class=\"elementor-element elementor-element-a47c0a8 elementor-widget elementor-widget-text-editor\" data-id=\"a47c0a8\" data-element_type=\"widget\" data-widget_type=\"text-editor.default\">\n\t\t\t\t<div class=\"elementor-widget-container\">\n\t\t\t\t\t\t\t<p>\u00a0<\/p><ul><li><em>1999<\/em><br \/>Le Ranelagh, Paris<br \/><br \/><\/li><li><em>1998<\/em><br \/>La D\u00e9fense, Paris<br \/><br \/><\/li><li><em>1997<\/em><br \/>Doobie\u2019s, Paris<br \/><br \/><\/li><li><em>1996<\/em><br \/>Bar Fly, Paris<br \/><br \/><\/li><li><em>1995<\/em><br \/>La Halle d\u2019Auteuil, Paris<br \/><br \/><\/li><li><em>1994<\/em><br \/>R\u00e9alisation et montage de l\u2019exposition \u00ab\u00a0La main chaude et le plaisir des jeux\u00a0\u00bb Mus\u00e9e ROYBET FOULD<br \/><br \/><\/li><li><em>1993<\/em> <br \/>La Halle d\u2019Auteuil, Paris<\/li><\/ul>\t\t\t\t\t\t<\/div>\n\t\t\t\t<\/div>\n\t\t\t\t\t<\/div>\n\t\t<\/div>\n\t\t\t\t\t<\/div>\n\t\t<\/section>\n\t\t\t\t<section class=\"elementor-section elementor-top-section elementor-element elementor-element-4653cdc elementor-section-boxed elementor-section-height-default elementor-section-height-default\" data-id=\"4653cdc\" data-element_type=\"section\">\n\t\t\t\t\t\t<div class=\"elementor-container elementor-column-gap-default\">\n\t\t\t\t\t<div class=\"elementor-column elementor-col-50 elementor-top-column elementor-element elementor-element-f945c5b\" data-id=\"f945c5b\" data-element_type=\"column\">\n\t\t\t<div class=\"elementor-widget-wrap elementor-element-populated\">\n\t\t\t\t\t\t<div class=\"elementor-element elementor-element-f7a6f93 elementor-widget elementor-widget-image\" data-id=\"f7a6f93\" data-element_type=\"widget\" data-widget_type=\"image.default\">\n\t\t\t\t<div class=\"elementor-widget-container\">\n\t\t\t\t\t\t\t\t\t\t\t\t\t<img decoding=\"async\" width=\"781\" height=\"500\" src=\"https:\/\/cathvieu.com\/wp-content\/uploads\/2020\/06\/Atelier-maroc.jpg\" class=\"attachment-large size-large wp-image-139\" alt=\"\" srcset=\"https:\/\/cathvieu.com\/wp-content\/uploads\/2020\/06\/Atelier-maroc.jpg 781w, https:\/\/cathvieu.com\/wp-content\/uploads\/2020\/06\/Atelier-maroc-300x192.jpg 300w, https:\/\/cathvieu.com\/wp-content\/uploads\/2020\/06\/Atelier-maroc-768x492.jpg 768w\" sizes=\"(max-width: 781px) 100vw, 781px\" \/>\t\t\t\t\t\t\t\t\t\t\t\t\t<\/div>\n\t\t\t\t<\/div>\n\t\t\t\t\t<\/div>\n\t\t<\/div>\n\t\t\t\t<div class=\"elementor-column elementor-col-50 elementor-top-column elementor-element elementor-element-d0cb5e3\" data-id=\"d0cb5e3\" data-element_type=\"column\">\n\t\t\t<div class=\"elementor-widget-wrap elementor-element-populated\">\n\t\t\t\t\t\t<div class=\"elementor-element elementor-element-b46fc36 elementor-widget elementor-widget-text-editor\" data-id=\"b46fc36\" data-element_type=\"widget\" data-widget_type=\"text-editor.default\">\n\t\t\t\t<div class=\"elementor-widget-container\">\n\t\t\t\t\t\t\t<ul><li><em>1992<\/em> <br \/>Galerie \u00ab\u00a0les Voyageurs\u00a0\u00bb, Paris<br \/><br \/><\/li><li><em>1991<\/em> <br \/>Banque Majorel, Albi<br \/><br \/><\/li><li><em>1990<\/em> <br \/>Galerie Place de la Cath\u00e9drale, Albi<br \/><br \/><\/li><li><em>1987<\/em> <br \/>Galerie de l\u2019Avant Mus\u00e9e, Paris Beaubourg<br \/>\u00ab\u00a0PALISS\u2019ART\u00a0\u00bb Usine Eph\u00e9m\u00e8r, Paris<br \/>Le Cargo, Paris<br \/><br \/><\/li><li><em>1985<\/em> <br \/>Le CNAP, Paris<\/li><\/ul>\t\t\t\t\t\t<\/div>\n\t\t\t\t<\/div>\n\t\t\t\t\t<\/div>\n\t\t<\/div>\n\t\t\t\t\t<\/div>\n\t\t<\/section>\n\t\t\t\t<section class=\"elementor-section elementor-top-section elementor-element elementor-element-70d94b1 elementor-section-boxed elementor-section-height-default elementor-section-height-default\" data-id=\"70d94b1\" data-element_type=\"section\">\n\t\t\t\t\t\t<div class=\"elementor-container elementor-column-gap-default\">\n\t\t\t\t\t<div class=\"elementor-column elementor-col-50 elementor-top-column elementor-element elementor-element-51119c5\" data-id=\"51119c5\" data-element_type=\"column\">\n\t\t\t<div class=\"elementor-widget-wrap elementor-element-populated\">\n\t\t\t\t\t\t<div class=\"elementor-element elementor-element-524fd33 elementor-widget elementor-widget-text-editor\" data-id=\"524fd33\" data-element_type=\"widget\" data-widget_type=\"text-editor.default\">\n\t\t\t\t<div class=\"elementor-widget-container\">\n\t\t\t\t\t\t\t<p><strong><em>EXPERIENCES PROFESSIONNELLES<\/em><\/strong><\/p><ul><li style=\"text-align: left;\"><em>1997 \/ 2012\u00a0\u00a0<\/em><br \/>Peintre \u00e9v\u00e9nementiel pour l\u2019Art en Direct [ Bnp, Avantis, Peugeot,\u00a0B.Braun\u2026.]<br \/><br \/><\/li><li style=\"text-align: left;\"><em>1983<\/em><br \/>Ch\u00e2teau D\u00e9coufl\u00e9 [Fresques murales]<br \/>D\u00e9coration du Trianon Palace pour les RITA MITSOUKO<br \/><br \/><\/li><li style=\"text-align: left;\"><em>1982<\/em><br \/>D\u00e9coration avec SPEEDY GRAPHITO du th\u00e9\u00e2tre du Ranelagh <br \/>pour\u00a0un op\u00e9ra de Mozart<br \/><br \/><\/li><li style=\"text-align: left;\"><em>1980<\/em><br \/>D\u00e9coration pour concert de groupes musicaux<\/li><\/ul>\t\t\t\t\t\t<\/div>\n\t\t\t\t<\/div>\n\t\t\t\t\t<\/div>\n\t\t<\/div>\n\t\t\t\t<div class=\"elementor-column elementor-col-50 elementor-top-column elementor-element elementor-element-770f317\" data-id=\"770f317\" data-element_type=\"column\">\n\t\t\t<div class=\"elementor-widget-wrap elementor-element-populated\">\n\t\t\t\t\t\t<div class=\"elementor-element elementor-element-a53a7a7 elementor-widget elementor-widget-text-editor\" data-id=\"a53a7a7\" data-element_type=\"widget\" data-widget_type=\"text-editor.default\">\n\t\t\t\t<div class=\"elementor-widget-container\">\n\t\t\t\t\t\t\t<p><strong><em>PARUTIONS DANS LA PRESSE<\/em><\/strong><\/p><ul><li style=\"text-align: left;\"><em>1995<\/em><br \/>NOVA MAGASINE<br \/><br \/><\/li><li style=\"text-align: left;\"><em>1990<\/em><br \/>LE GLOBE, La crise du Golf vue par les peintres<br \/>LA DEPECHE DU MIDI<br \/><br \/><\/li><li style=\"text-align: left;\"><em>1985 <\/em><br \/>ACTUEL<br \/>BAT-ART-PRESS<br \/>RADIOS<br \/><br \/><\/li><li style=\"text-align: left;\"><em>2002<\/em><br \/>RADIO NOVA<br \/><br \/><\/li><li style=\"text-align: left;\"><em>1990<\/em><br \/>SKYROCK<br \/>RADIO ALBIGES<br \/>TELEVISION<br \/><br \/><\/li><li style=\"text-align: left;\"><em>1995 <\/em><br \/>MCM Emission Zoom-Zoom<br \/>M6<br \/>CANAL + Emission Nulle par Ailleurs<\/li><\/ul>\t\t\t\t\t\t<\/div>\n\t\t\t\t<\/div>\n\t\t\t\t\t<\/div>\n\t\t<\/div>\n\t\t\t\t\t<\/div>\n\t\t<\/section>\n\t\t\t\t<\/div>\n\t\t","protected":false},"excerpt":{"rendered":"<p>Peindre les gens, les odeurs, les bruits, surprendre des gestes, des moments\u2026 Reste les th\u00e8mes privil\u00e9gi\u00e9s de mon travail. New York, le Maroc ou ailleurs ne sont que le pr\u00e9texte, le cadre, le support d\u2019un th\u00e9\u00e2tre de tous les jours. EXPOSITIONS PERSONNELLES 2019 Ibiza \u00ab\u00a0D\u00e9lires Psych\u00e9d\u00e9liques\u00a0\u00bb 2018 Albi Le Lit Bleu \u00ab\u00a0Confidences de filles\u00a0\u00bb\u00a0 2017 [&hellip;]<\/p>\n","protected":false},"author":1,"featured_media":0,"parent":0,"menu_order":0,"comment_status":"closed","ping_status":"closed","template":"","meta":{"footnotes":""},"class_list":["post-48","page","type-page","status-publish","hentry"],"_links":{"self":[{"href":"https:\/\/cathvieu.com\/index.php\/wp-json\/wp\/v2\/pages\/48","targetHints":{"allow":["GET"]}}],"collection":[{"href":"https:\/\/cathvieu.com\/index.php\/wp-json\/wp\/v2\/pages"}],"about":[{"href":"https:\/\/cathvieu.com\/index.php\/wp-json\/wp\/v2\/types\/page"}],"author":[{"embeddable":true,"href":"https:\/\/cathvieu.com\/index.php\/wp-json\/wp\/v2\/users\/1"}],"replies":[{"embeddable":true,"href":"https:\/\/cathvieu.com\/index.php\/wp-json\/wp\/v2\/comments?post=48"}],"version-history":[{"count":121,"href":"https:\/\/cathvieu.com\/index.php\/wp-json\/wp\/v2\/pages\/48\/revisions"}],"predecessor-version":[{"id":248,"href":"https:\/\/cathvieu.com\/index.php\/wp-json\/wp\/v2\/pages\/48\/revisions\/248"}],"wp:attachment":[{"href":"https:\/\/cathvieu.com\/index.php\/wp-json\/wp\/v2\/media?parent=48"}],"curies":[{"name":"wp","href":"https:\/\/api.w.org\/{rel}","templated":true}]}}